{"id":956,"date":"2013-04-10T00:36:28","date_gmt":"2013-04-09T22:36:28","guid":{"rendered":"http:\/\/www.brannoest.no\/BBB\/?page_id=956"},"modified":"2015-06-01T09:41:25","modified_gmt":"2015-06-01T07:41:25","slug":"sanger","status":"publish","type":"page","link":"https:\/\/www.brannoest.no\/BBB\/sanger\/","title":{"rendered":"Sanger"},"content":{"rendered":"<figure id=\"attachment_962\" aria-describedby=\"caption-attachment-962\" style=\"width: 300px\" class=\"wp-caption aligncenter\"><a href=\"http:\/\/www.brannoest.no\/BBB\/wp-content\/uploads\/2013\/04\/Brann-syng.jpg\"><img decoding=\"async\" loading=\"lazy\" class=\"size-medium wp-image-962 \" title=\"Bataljonen Synger\" src=\"http:\/\/www.brannoest.no\/BBB\/wp-content\/uploads\/2013\/04\/Brann-syng-300x168.jpg\" alt=\"\" width=\"300\" height=\"168\" srcset=\"https:\/\/www.brannoest.no\/BBB\/wp-content\/uploads\/2013\/04\/Brann-syng-300x168.jpg 300w, https:\/\/www.brannoest.no\/BBB\/wp-content\/uploads\/2013\/04\/Brann-syng.jpg 810w\" sizes=\"(max-width: 300px) 100vw, 300px\" \/><\/a><figcaption id=\"caption-attachment-962\" class=\"wp-caption-text\">Bataljonen Synger<\/figcaption><\/figure>\n<p><strong>Her kommer Bergen<br \/>\n<\/strong>Her kommer Bergen igjen<br \/>\nOpp med hum\u00f8ret, min venn<br \/>\nFor vi e fra byen som tross paraplyen<br \/>\nHar solskinn og sommer i fleng<br \/>\n(For ser du)<br \/>\nAlt sammen har vi tatt med<br \/>\nDagen skal bli en suksess<br \/>\nLa oss vise hver mann<br \/>\nAt vi vil og vi kan<br \/>\nSkape liv og hum\u00f8r<br \/>\nOg gi dagen kul\u00f8r<br \/>\n(og hei og diditt, og hei og diditt, og hei!)<\/p>\n<p>Nei, det ligner ingen bergensgutt \u00e5 v\u00e6re mutt<br \/>\n\u00c5 v\u00e6re mutt, \u00e5h nei, \u00e5h nei<br \/>\nNei, det ligner ingen bergensgutt \u00e5 v\u00e6re mutt<br \/>\n\u00c5 v\u00e6re mutt, \u00e5h nei<br \/>\nI medgang, motgang, oppgang, nedgang, gjennomgang<br \/>\nDer synger vi v\u00e5r sang igjen<br \/>\nNei, det ligner ingen bergensgutt \u00e5 v\u00e6re mutt<br \/>\n\u00c5 v\u00e6re mutt, \u00e5h nei<\/p>\n<p><strong>Byen &#8216;e Bergen<br \/>\n<\/strong>Byen \u00e9 Bergen, og laget \u00e9 Brann<br \/>\nStedet \u00e9 Stadion, og syng alle mann:<br \/>\nHeia Brann, Brann, Brann, Heia Brann!<\/p>\n<p><strong>Gullet ska hem<br \/>\n<\/strong>Fra Nymark til Laksev\u00e5g<br \/>\nFra Nordnes til Loddefjord Torg<br \/>\nHele Bergen vet at gullet ska hem<br \/>\nGullet ska hem<br \/>\nGullet ska heeeeeem<br \/>\nHem til Bergen<br \/>\nGullet skal hem<\/p>\n<p><strong>Eg e f\u00f8dt i Bergen<br \/>\n<\/strong>Eg e f\u00f8dt i Bergen, som du sikkert ser.<br \/>\nOg hver gang eg tar p\u00e5 meg Brann-drakten,<br \/>\ns\u00e5 klikkar det for meg.<br \/>\nAt vi hater Engen og Rosenborg,<br \/>\ndet ska&#8217;kkje eg skjule for deg.<br \/>\nMen n\u00e5r vi banker b\u00f8nder p\u00e5 Staddaen,<br \/>\nd\u00e5 tilh\u00f8rer verden meg.<\/p>\n<p><strong>Vi &#8216;e Ber\u00f8mte Brann<br \/>\n<\/strong>Vi e ber\u00f8mte Brann fra Bergen, vi vinner serien i \u00e5r.<br \/>\nJa visst faen gj\u00f8r vi det, som i 1963.<br \/>\nMens vi ler av alle b\u00f8nder i v\u00e5rt land.<\/p>\n<p><strong>D\u00f8 for Brann<br \/>\n<\/strong>D\u00f8 for Brann, alle mann.<br \/>\nBlod e tjukkare enn vann.<br \/>\nSelv om vi rykker ned,<br \/>\ngir vi alt for Brann for det.<\/p>\n<p><strong>S\u00e5 kom igjen<br \/>\n<\/strong>S\u00e5 kom igjen. (klapp klapp)<br \/>\nS\u00e5 kom igjen. (klapp klapp)<br \/>\nS\u00e5 kom igjen v\u00e5rt SK Brann.<br \/>\nVi m\u00e5 kjempe for \u00e5 vinne.<br \/>\nS\u00e5 kom igjen v\u00e5rt SK Brann.<br \/>\n(Klapp klapp)<\/p>\n<p><strong>Hater Lillestr\u00f8m SK<\/strong><br \/>\nHater Lillestr\u00f8m SK, hater Viking og VIF,<br \/>\nHater Rosenborg Ballklubb,<br \/>\nmen Sportsklubben Brann elsker vi.<\/p>\n<p><strong>Brann fra Bergen<\/strong><br \/>\nFor vi e Brann i fra Bergen &#8211; ingen k\u00f8dder med oss<br \/>\nOslo og Trondheim &#8211; Hele Norge e Boss<br \/>\nLaaaaaaalaaaaalaaala!<br \/>\nLalalalalalalalala BERGEN<br \/>\nLalalalalalalalala BERGEN<\/p>\n<p><strong>Det g\u00e5r et sus &#8211; Melodi: Mrs Robinson<\/strong><br \/>\nDet g\u00e5r ett sus over Stadion<br \/>\nStemningen e stor p\u00e5 Store St\u00e5 -\u00e5\u00e5-\u00e5\u00e5\u00e5<br \/>\nS\u00e5 kom igjen &#8211; lagets 12 mann<br \/>\nVi skal koke her i 1OO \u00e5r &#8211; \u00e5\u00e5-\u00e5\u00e5\u00e5<\/p>\n<p>(x2)<br \/>\nLalalala, lalalalalaaaaa &#8211; Bergen By!<br \/>\nLalalala, lalalalalaaaaa &#8211; Stolt og kry!<br \/>\n(x2)<\/p>\n<p><strong>F\u00f8lg p\u00e5<\/strong><br \/>\nF\u00f8lg p\u00e5 &#8211; F\u00f8lg p\u00e5 &#8211; F\u00f8lg p\u00e5<br \/>\nRepublikken vil alltid best\u00e5<br \/>\nDet e Norge mot oss<br \/>\nog vi e klar for \u00e5 sloss<br \/>\nFor republikken vil alltid best\u00e5\u00e5\u00c5\u00c5\u00e5\u00e5<\/p>\n<p><strong>Nordens Paradis<\/strong><br \/>\nDu kan rolig reise rundt i Norges land<br \/>\nDu kan bade deg i sol p\u00e5 Zulu strand<br \/>\nNiagarafossen, London og Paris<br \/>\nKa e det mot Bergen?<br \/>\nNordens Paradis!<br \/>\nNiagarafossen, London og Paris!<br \/>\nKa e det mot Bergen, Nordens paradis?<\/p>\n<p><strong>Sportsklubben Brann &#8211; Melodi:\u00a0Achy Breaky Heart<\/strong><br \/>\nSportsklubben Brann &#8211; SK SK Brann!<br \/>\nNo e byen klar for fest!<br \/>\nBergen e p\u00e5 gang!<br \/>\nPyro, Flagg og Sang!<br \/>\nVi ska vise Norge ka vi kan!<\/p>\n<p><strong>Tjuagutter<\/strong><br \/>\nTjuagutter &#8211; Fra fotballrepublikken<br \/>\nVi ekje fra Norge<br \/>\nVi e i fra Beeergeen<\/p>\n<p><strong>Vestlandets konger<\/strong><br \/>\nVi e Vestlandets konger &#8211; Vi e Brann<br \/>\nVi e Vestlandets konger &#8211; Vi e Brann<br \/>\nVi e stolte alle mann<br \/>\nAv v\u00e5rt kj\u00e6re SK Brann<br \/>\nVi e vestlandets konger vi e Brann<\/p>\n<p><strong>&#8216;E du dom eller?<br \/>\n<\/strong>B-R-A-Dobbel N!<br \/>\nB-R-A-Dobbel N!<br \/>\nB-R-A-Dobbel N!<br \/>\nSKB!<br \/>\nDet er laget vi har i v\u00e5rt hjerte!<br \/>\n&#8216;E du dom eller?<br \/>\nDet &#8216;e kun et lag som teller!<br \/>\n&#8216;E du dom eller?<br \/>\nSK Brann<br \/>\nVi &#8216;e di beste!<br \/>\nDet &#8216;e kun et lag som teller!<br \/>\n&#8216;E du dom eller?<br \/>\nB-R-A-Dobbel N!<br \/>\nB-R-A-Dobbel N!<br \/>\nB-R-A-Dobbel N!<\/p>\n<p><strong>SK Brann gutt<\/strong><br \/>\nMelodi: Bauekorpsgutten<\/p>\n<p>Eg har g\u00e5tt p\u00e5 stadion helt fra eg var bare en sn\u00e5ttagutt<br \/>\nDer har eg sett fotball sett laget briljeret, de vinner jo kampen tilslutt<br \/>\nMen tapene kom, og eg m\u00e5tte jo d\u00e5 komme meg skuffet hjem.<br \/>\nEg bante p\u00e5 det: dokkar skal nok f\u00e5 se at eg ska komme engang igjen.<br \/>\nStol p\u00e5 det, stol p\u00e5 det, for eg e en SK Brann gutt.<br \/>\nDe kan nok begynne te gje meg p\u00e5 trynet<br \/>\nmen eg skal nok greie \u00e5 sl\u00e5 de tilslutt<br \/>\nStol p\u00e5 det, stol p\u00e5 det, for eg e en SK Brann gutt<\/p>\n<p><strong>Heia Brann<\/strong><br \/>\nHeia Brann, Heia Brann<br \/>\nBlod e tjukkere enn vann. Heia Brann<br \/>\nHelt fra Kniksen til Paldan<br \/>\nHar mitt hjerte st\u00e5tt i Brann<\/p>\n<p>Heia Brann, Heia Brann<br \/>\nKom og syng med alle mann, Heia Brann<br \/>\nVi e lagets tolvte mann<br \/>\nv\u00e5re hjerter st\u00e5r i Brann<\/p>\n<p>Fotballen e rund<br \/>\nEg la skylden p\u00e5 Tom Lund<br \/>\nEg va heispassasjer<br \/>\nDet gikk opp, det gikk ne<br \/>\nmen eg tvilte&#8217;kkje et sekund<\/p>\n<p>For eg e ekte Brannsupporter<br \/>\nEg kjemper helt til fl\u00f8yten g\u00e5r<br \/>\nfor kem st\u00e5r imot n\u00e5r presset blir for stort?<br \/>\nDen 12.mann p\u00e5 Store St\u00e5<\/p>\n<p><strong>Det &#8216;e p\u00e5 tide no<\/strong><br \/>\nNo har vi hvilt p\u00e5 gamle laurb\u00e6r siden 1982, det e p\u00e5 tide no<\/p>\n<p>Det har g\u00e5tt noen \u00e5r<br \/>\nDet har blitt noen s\u00e5r<br \/>\nMen p\u00e5 festningen st\u00e5r kanonen<br \/>\nLader l\u00f8pet med r\u00f8dt<br \/>\nJa, for no e vi n\u00f8dt<br \/>\nte \u00e5 ta tilbake tronen<\/p>\n<p>Hjertet sl\u00e5r dobbelt<br \/>\nPulsen e&#8217;kkje te \u00e5 tro<br \/>\nKlam i begge nevene<br \/>\nOg magen e&#8217;kkje god<\/p>\n<p>Det e p\u00e5 tide no<br \/>\nJa det e p\u00e5 tide no<br \/>\nPokalen skal f\u00e5 ro<br \/>\nVi har ryddet plass p\u00e5 hyllen<br \/>\nder ved den fra 82<br \/>\nFor vi ska ta det no<\/p>\n<p>Kun et hinder igjen<br \/>\nF\u00f8r pokalen ska hjem<br \/>\nOm det s\u00e5 blir med n\u00f8d og neppe<br \/>\nReise fra Bergen by<br \/>\nDekke Oslo p\u00e5 ny<br \/>\nMed det r\u00f8de og hvite teppet<\/p>\n<p>Vi stormer frem som en stolt arme&#8217;<br \/>\nVi har de i kne, vi har de i kne<\/p>\n<p><strong>Vi bor mellom fjell&#8230;<\/strong><br \/>\nVi bor mellom fjell, \u00e5 sild \u00e5 makrell, \u00e5 det e` Brann som skal spelle p\u00e5 stadion i kveld<br \/>\nFra Haljem s\u00f8r til Lind\u00e5s i nord, kommer folk for \u00e5 glo \u00e5 de synger i kor<br \/>\nVi e` de beste, heia Brann Vi e` s\u00e5 god at det g\u00e5r nesten ikkje an<br \/>\nVi e` s\u00e5 godt at bedre kan vi ikkje bli og derfor synger vi<br \/>\nVi e` de beste heia Brann Vi e` s\u00e5 god at det g\u00e5r<br \/>\nnesten ikkje an, vi e s\u00e5 godt at du kan nesten ikkje se, g\u00e5 suveren vi e`<\/p>\n<p><strong>Vi har v\u00e6rt p\u00e5 purken<\/strong><br \/>\nHer kommer Bergen sine gutter<br \/>\nalle kjenner oss.<br \/>\nE det nokken som vil sl\u00e5ss,<br \/>\nbare kom igjen med oss<br \/>\nVi e` kjuagutter VI hele gjengen<br \/>\nog i kveld skal vi ut og holle j\u00e6vel med<br \/>\n(med navn p\u00e5 motstanderen. feks. Rosenborg)<\/p>\n<p>Vi har v\u00e6rt p\u00e5 purken hele gjengen<br \/>\nSvartemarja hentet oss<br \/>\nE det nokken som vil sl\u00e5ss,<br \/>\nbare kom igjen med oss<br \/>\nVi e` kjuagutter VI hele gjengen<br \/>\nog i kveld skal vi ut og holle j\u00e6vel med<br \/>\n(med navn p\u00e5 motstanderen feks. Rosenborg)<\/p>\n<p><strong>D\u00f8 for Brann<\/strong><br \/>\nD\u00f8 for Brann, allemann, blod e` kjokkere enn vann<br \/>\nSelv om vi rykker ned gir vi alt for Brann for det<\/p>\n<p>D\u00f8 for Brann, allemann, blod e` kjokkere enn vann<br \/>\nSelv om vi rykker ned gir vi alt for Brann for det<\/p>\n<p><strong>SK Brann<\/strong><br \/>\nSK, SK Brann, SK Brann, SK Brann, SK Brann, SK Brann, SK Braann,<br \/>\nSK, SK, SK Brann, BERGEN!<\/p>\n<p>SK, SK Brann, SK Brann, SK Brann, SK Brann, SK Brann, SK Braann,<br \/>\nSK, SK, SK Brann, BERGEN!<\/p>\n<p><strong>Vinger som fuglen<br \/>\n<\/strong>Hvis eg hadde vinger som fuglen<br \/>\nHvis eg kunne fly h\u00f8yt i sky<br \/>\nD\u00e5 ville eg flydd over<br \/>\n<em id=\"__mceDel\"><em id=\"__mceDel\"><em id=\"__mceDel\"><em id=\"__mceDel\">Bislett og drete p\u00e5 Oslo by!<br \/>\n<em id=\"__mceDel\"><em id=\"__mceDel\"><em id=\"__mceDel\"><em id=\"__mceDel\"><em id=\"__mceDel\">Drite, drite, drite p\u00e5 Oslo byyy<br \/>\n<em id=\"__mceDel\"><em id=\"__mceDel\"><em id=\"__mceDel\"><em id=\"__mceDel\"><em id=\"__mceDel\"><em id=\"__mceDel\">Drite, drite, drite p\u00e5 Oslo by!<\/em><\/em><\/em><\/em><\/em><\/em><\/em><\/em><\/em><\/em><\/em><\/em><\/em><\/em><\/em><\/p>\n<p>Hvis eg hadde vinger som fuglen<br \/>\nHvis eg kunne fly h\u00f8yt i sky<br \/>\nD\u00e5 ville eg flydd over<br \/>\nBislett og drete p\u00e5 Oslo by!<br \/>\nDrite, drite, drite p\u00e5 Oslo byyy<br \/>\nDrite, drite, drite p\u00e5 Oslo by!<\/p>\n<p><strong>Bergen til eg d\u00f8r<br \/>\n<\/strong>Bergen til eg d\u00f8r<br \/>\n<em id=\"__mceDel\">Bergen til eg d\u00f8r<br \/>\n<em id=\"__mceDel\"><em id=\"__mceDel\"><em id=\"__mceDel\">Det e` sikkert det e` sikkert, Bergen til eg d\u00f8r<\/em><\/em><\/em><\/em><\/p>\n<p>Bergen til eg d\u00f8r<br \/>\nBergen til eg d\u00f8r<br \/>\nDet e` sikkert det e` sikkert, Bergen til eg d\u00f8r<\/p>\n<p><strong>\u00c5 Bergen By<\/strong><br \/>\n\u00c5 Bergen By<br \/>\n\u00c5 Bergen By<br \/>\n\u00c5 Bergen By &#8216;e nydeli<br \/>\nVi Har: Hansa \u00f8l og Daier.<br \/>\n\u00c5 Bergen By &#8216;e nydeli.<\/p>\n<p><strong>Udsikter fra Ulriken<\/strong><br \/>\nMelodi: Nystemten<\/p>\n<p>Jeg tog min nystemte Cithar i H\u00e6nde,<br \/>\nSorgen forgik meg paa Ulrikens top.<br \/>\nT\u00e6nkte paa Bauner om de skulde br\u00e6nde<br \/>\nog byde Mandskap mod Fienden opp;<br \/>\nf\u00f8lede Freden, blev glad i min Aand<br \/>\nog greb til min Cithar med legende Haand.<\/p>\n<p>V\u00e6rdige, gamle, graaskaldede Bierge,<br \/>\nI, som omgierde min F\u00e6drene-Bye,<br \/>\nI, som saa mangen en Torden afv\u00e6rge,<br \/>\nog s\u00f8nderbryde electriske Skye!<br \/>\nYndig er Dalen, I hegne mig ind,<br \/>\nog Foraar og Dalen opplive mit Sind.<\/p>\n<p>Herfra fortryllende Syner jeg skuer,<br \/>\nLungegaards Vandet, den Slette saa blaa,<br \/>\nNyegaards Alleens l\u00f8vkronede Buer,<br \/>\nderunder prydede Ski\u00f8nne at gaae,<br \/>\nderomkring Markens dens festlige Dragt,<br \/>\nder Guld i det Gr\u00f8nne den blomstrende Pragt!<\/p>\n<p>T\u00e6t ved mig Alrikstads dobbelte Slette,<br \/>\nKongeborg fordum og brugbar til Strid,<br \/>\nski\u00f8n af Naturen, om Fortrin vil trette<br \/>\nmed selve Nyegaard, som prunker med Flid,<br \/>\nder l\u00f8b fra Svartedig skummende Aae,<br \/>\nder saae jeg M\u00f8llehiul flittig at gaae.<\/p>\n<p>Bedre frem, Bergen, det Handelens S\u00e6de,<br \/>\nstr\u00e6kkende Arme om seilbare Vaag.<br \/>\nDerhen h\u00f8ifarmede J\u00e6gter med Gl\u00e6de<br \/>\nrustes hver Sommer til dobbelte Tog;<br \/>\nderfra gaae Skibe saa vide om Land;<br \/>\nder kj\u00f8ber, der selger, der handler hver Mand.<\/p>\n<p>Der seer jeg Skoven af Masterne h\u00f8ie,<br \/>\nhandlende Stuers Bredvaiende Flag;<br \/>\nVippebom seer jeg sig flittig at b\u00f8ie,<br \/>\nflittig at h\u00e6ve. &#8211;<br \/>\nTangenternes Slag<br \/>\npaa dette Handels-Claveer gav Musik,<br \/>\nog Vare af Skuderne dansende gik.<\/p>\n<p>Nu tog jeg Vand af den<br \/>\nspringende Kilde,<br \/>\nhvorudaf Oldtidens Ki\u00e6mpesl\u00e6gt drak.<br \/>\nNaar de lyk\u00f8nske sit F\u00e6dreland vilde,<br \/>\nSverdet af Skeden tillige de trak.<br \/>\nVee! den, saa sang de, saa synger jeg og,<br \/>\nden Niding, som Sverd imod F\u00f8deland drog.<\/p>\n<p>Freden, o! Bergen! din rede beskierme,<br \/>\nSommeren krone hver Ager med Br\u00f8d!<br \/>\nIlden og Sverdet dig aldrig forn\u00e6rme,<br \/>\nHavet dig aabne sit frugtbare Ski\u00f8d!<br \/>\nDa mellem Biergene syv skal du staae,<br \/>\nnaar nybaget Ki\u00f8bstad i Luften maa gaae.<\/p>\n<p>Jeg drak den Skaal, som mig Ulriken ski\u00e6nkte;<br \/>\ndrikker den samme, I, som have Viin.<br \/>\nHver som opriktig mod F\u00f8deby t\u00e6nkte,<br \/>\nlod denne Munterheds Skaal v\u00e6re sin.<br \/>\nHeld for vort Bergen, vort F\u00f8deland Held!<br \/>\nGiv alting maa blomstre fra Fiere til Field.<\/p>\n","protected":false},"excerpt":{"rendered":"<p>Her kommer Bergen Her kommer Bergen igjen Opp med hum\u00f8ret, min venn For vi e fra byen som tross paraplyen<\/p>\n","protected":false},"author":1,"featured_media":0,"parent":0,"menu_order":0,"comment_status":"open","ping_status":"open","template":"","meta":[],"_links":{"self":[{"href":"https:\/\/www.brannoest.no\/BBB\/wp-json\/wp\/v2\/pages\/956"}],"collection":[{"href":"https:\/\/www.brannoest.no\/BBB\/wp-json\/wp\/v2\/pages"}],"about":[{"href":"https:\/\/www.brannoest.no\/BBB\/wp-json\/wp\/v2\/types\/page"}],"author":[{"embeddable":true,"href":"https:\/\/www.brannoest.no\/BBB\/wp-json\/wp\/v2\/users\/1"}],"replies":[{"embeddable":true,"href":"https:\/\/www.brannoest.no\/BBB\/wp-json\/wp\/v2\/comments?post=956"}],"version-history":[{"count":7,"href":"https:\/\/www.brannoest.no\/BBB\/wp-json\/wp\/v2\/pages\/956\/revisions"}],"predecessor-version":[{"id":2089,"href":"https:\/\/www.brannoest.no\/BBB\/wp-json\/wp\/v2\/pages\/956\/revisions\/2089"}],"wp:attachment":[{"href":"https:\/\/www.brannoest.no\/BBB\/wp-json\/wp\/v2\/media?parent=956"}],"curies":[{"name":"wp","href":"https:\/\/api.w.org\/{rel}","templated":true}]}}